{"id":11,"date":"2021-11-01T10:18:37","date_gmt":"2021-11-01T10:18:37","guid":{"rendered":"https:\/\/projekttrivsel.dk\/?page_id=11"},"modified":"2021-11-25T19:59:05","modified_gmt":"2021-11-25T19:59:05","slug":"home","status":"publish","type":"page","link":"https:\/\/projekttrivsel.dk\/","title":{"rendered":"Home"},"content":{"rendered":"\n<p class=\"has-black-color has-text-color\">\u201dTrivsel for fagligt l\u00f8ft\u201d er et syddansk regionalt udviklingsprojekt, der har fokus p\u00e5 elevers faglige og sociale trivsel p\u00e5 gymnasiale- og erhvervsuddannelser, som en reaktion p\u00e5 den nedlukning Covid-19 pandemien har medf\u00f8rt. Forskning p\u00e5 uddannelsesomr\u00e5det viser tydeligt, at elevers trivsel og faglige niveau er st\u00e6rkt forbundet. Projektets hovedm\u00e5l er, at udvikle arrangementer, aktiviteter og faglige forl\u00f8b, som skal v\u00e6re medskabende til at l\u00f8fte b\u00e5de den faglige samt sociale trivsel.<\/p>\n\n\n\n<p class=\"has-black-color has-text-color\">Hjemmesiden her vil tjene som id\u00e9bank til s\u00e5danne arrangementer, aktiviteter og faglige forl\u00f8b. Der vil p\u00e5 tv\u00e6rs af de deltagende uddannelsesinstitutioner ligeledes v\u00e6re en erfaringsudveksling at finde, som forh\u00e5bentlig kan komme andre uddannelsesinstitutioner til gode. De udviklede initiativer bliver l\u00f8bende offentliggjort p\u00e5 hjemmesiden her, under \u201cUndervisningsforl\u00f8b\u201d.<\/p>\n\n\n\n<p class=\"has-black-color has-text-color\">L\u00e6s mere om projektets baggrund og m\u00e5ls\u00e6tning i fanerne herover.&nbsp;&nbsp;<\/p>\n","protected":false},"excerpt":{"rendered":"<p>\u201dTrivsel for fagligt l\u00f8ft\u201d er et syddansk regionalt udviklingsprojekt, der har fokus p\u00e5 elevers faglige og sociale trivsel p\u00e5 gymnasiale- og erhvervsuddannelser, som en reaktion p\u00e5 den nedlukning Covid-19 pandemien har medf\u00f8rt. Forskning p\u00e5 uddannelsesomr\u00e5det viser tydeligt, at elevers trivsel og faglige niveau er st\u00e6rkt forbundet. Projektets hovedm\u00e5l er, at udvikle arrangementer, aktiviteter og faglige [&hellip;]<\/p>\n","protected":false},"author":1,"featured_media":0,"parent":0,"menu_order":0,"comment_status":"closed","ping_status":"closed","template":"template-business.php","meta":{"qubely_global_settings":"","qubely_interactions":"","_coblocks_attr":"","_coblocks_dimensions":"","_coblocks_responsive_height":"","_coblocks_accordion_ie_support":"","footnotes":""},"class_list":["post-11","page","type-page","status-publish","hentry"],"featured_image_src":null,"featured_image_src_square":null,"_links":{"self":[{"href":"https:\/\/projekttrivsel.dk\/index.php?rest_route=\/wp\/v2\/pages\/11","targetHints":{"allow":["GET"]}}],"collection":[{"href":"https:\/\/projekttrivsel.dk\/index.php?rest_route=\/wp\/v2\/pages"}],"about":[{"href":"https:\/\/projekttrivsel.dk\/index.php?rest_route=\/wp\/v2\/types\/page"}],"author":[{"embeddable":true,"href":"https:\/\/projekttrivsel.dk\/index.php?rest_route=\/wp\/v2\/users\/1"}],"replies":[{"embeddable":true,"href":"https:\/\/projekttrivsel.dk\/index.php?rest_route=%2Fwp%2Fv2%2Fcomments&post=11"}],"version-history":[{"count":3,"href":"https:\/\/projekttrivsel.dk\/index.php?rest_route=\/wp\/v2\/pages\/11\/revisions"}],"predecessor-version":[{"id":186,"href":"https:\/\/projekttrivsel.dk\/index.php?rest_route=\/wp\/v2\/pages\/11\/revisions\/186"}],"wp:attachment":[{"href":"https:\/\/projekttrivsel.dk\/index.php?rest_route=%2Fwp%2Fv2%2Fmedia&parent=11"}],"curies":[{"name":"wp","href":"https:\/\/api.w.org\/{rel}","templated":true}]}}