{"id":178,"date":"2021-11-25T19:29:08","date_gmt":"2021-11-25T19:29:08","guid":{"rendered":"https:\/\/projekttrivsel.dk\/?page_id=178"},"modified":"2021-11-29T11:33:20","modified_gmt":"2021-11-29T11:33:20","slug":"til-samarbejdspartnere","status":"publish","type":"page","link":"https:\/\/projekttrivsel.dk\/?page_id=178","title":{"rendered":"Til samarbejdspartnere"},"content":{"rendered":"\n<p>Som underviser i projektet er du med til at brede initiativerne ud til andre undervisningsinstitutioner. Dette sker ved, at du udfylder skabelonen til forl\u00f8bsbeskrivelsen, som du kan hente her:<\/p>\n\n\n\n<div class=\"wp-block-file\"><a href=\"https:\/\/projekttrivsel.dk\/wp-content\/uploads\/2021\/11\/Skabelon-leverance-vers-4.docx\">Skabelon leverancer<\/a><a href=\"https:\/\/projekttrivsel.dk\/wp-content\/uploads\/2021\/11\/Skabelon-leverance-vers-4.docx\" class=\"wp-block-file__button\" download>Download<\/a><\/div>\n\n\n\n<p>N\u00e5r du er f\u00e6rdig med at udfylde skabelonen til forl\u00f8bet, skal du gemme og sende filen til <a href=\"mailto:mow@toha.dk\">mow@toha.dk<\/a>, s\u00e5 bliver dit forl\u00f8b senere uploadet til hjemmesiden under \u201dUndervisningsforl\u00f8b\u201d.<\/p>\n\n\n\n<p>P\u00e5 forh\u00e5nd tak<\/p>\n","protected":false},"excerpt":{"rendered":"<p>Som underviser i projektet er du med til at brede initiativerne ud til andre undervisningsinstitutioner. Dette sker ved, at du udfylder skabelonen til forl\u00f8bsbeskrivelsen, som du kan hente her: N\u00e5r du er f\u00e6rdig med at udfylde skabelonen til forl\u00f8bet, skal du gemme og sende filen til mow@toha.dk, s\u00e5 bliver dit forl\u00f8b senere uploadet til hjemmesiden [&hellip;]<\/p>\n","protected":false},"author":1,"featured_media":0,"parent":20,"menu_order":0,"comment_status":"closed","ping_status":"closed","template":"","meta":{"qubely_global_settings":"","qubely_interactions":"","_coblocks_attr":"","_coblocks_dimensions":"","_coblocks_responsive_height":"","_coblocks_accordion_ie_support":"","footnotes":""},"class_list":["post-178","page","type-page","status-publish","hentry"],"featured_image_src":null,"featured_image_src_square":null,"_links":{"self":[{"href":"https:\/\/projekttrivsel.dk\/index.php?rest_route=\/wp\/v2\/pages\/178","targetHints":{"allow":["GET"]}}],"collection":[{"href":"https:\/\/projekttrivsel.dk\/index.php?rest_route=\/wp\/v2\/pages"}],"about":[{"href":"https:\/\/projekttrivsel.dk\/index.php?rest_route=\/wp\/v2\/types\/page"}],"author":[{"embeddable":true,"href":"https:\/\/projekttrivsel.dk\/index.php?rest_route=\/wp\/v2\/users\/1"}],"replies":[{"embeddable":true,"href":"https:\/\/projekttrivsel.dk\/index.php?rest_route=%2Fwp%2Fv2%2Fcomments&post=178"}],"version-history":[{"count":4,"href":"https:\/\/projekttrivsel.dk\/index.php?rest_route=\/wp\/v2\/pages\/178\/revisions"}],"predecessor-version":[{"id":204,"href":"https:\/\/projekttrivsel.dk\/index.php?rest_route=\/wp\/v2\/pages\/178\/revisions\/204"}],"up":[{"embeddable":true,"href":"https:\/\/projekttrivsel.dk\/index.php?rest_route=\/wp\/v2\/pages\/20"}],"wp:attachment":[{"href":"https:\/\/projekttrivsel.dk\/index.php?rest_route=%2Fwp%2Fv2%2Fmedia&parent=178"}],"curies":[{"name":"wp","href":"https:\/\/api.w.org\/{rel}","templated":true}]}}