{"id":35,"date":"2021-11-01T14:36:01","date_gmt":"2021-11-01T14:36:01","guid":{"rendered":"https:\/\/projekttrivsel.dk\/?page_id=35"},"modified":"2021-11-29T18:47:34","modified_gmt":"2021-11-29T18:47:34","slug":"kontakt","status":"publish","type":"page","link":"https:\/\/projekttrivsel.dk\/?page_id=35","title":{"rendered":"Kontakt"},"content":{"rendered":"\n<div class=\"wp-block-columns is-layout-flex wp-container-core-columns-is-layout-9d6595d7 wp-block-columns-is-layout-flex\">\n<div class=\"wp-block-column is-layout-flow wp-block-column-is-layout-flow\" style=\"flex-basis:100%\">\n<div class=\"wp-block-columns is-layout-flex wp-container-core-columns-is-layout-9d6595d7 wp-block-columns-is-layout-flex\">\n<div class=\"wp-block-column is-layout-flow wp-block-column-is-layout-flow\">\n<div class=\"wp-block-stackable-team-member is-style-default stk-block-team-member stk-block stk-9a150ce\" data-block-id=\"9a150ce\"><div class=\"stk-block-team-member__content stk-content-align stk-9a150ce-column stk-container stk-9a150ce-container stk-hover-parent\"><div class=\"stk-block-content stk-inner-blocks has-text-align-center\">\n<div class=\"wp-block-stackable-image stk-block-image has-text-align-center stk-block stk-80504bb\" data-block-id=\"80504bb\"><style>.stk-80504bb .stk-img-wrapper{width:150px !important;height:150px !important}.stk-80504bb .stk-img-wrapper img{mask-image:url('data:image\/svg+xml;base64,PHN2ZyB4bWxucz0iaHR0cDovL3d3dy53My5vcmcvMjAwMC9zdmciIHZpZXdCb3g9IjAgMCAxMDAgMTAwIiBwcmVzZXJ2ZUFzcGVjdFJhdGlvPSJub25lIj48Y2lyY2xlIGN4PSI1MCIgY3k9IjUwIiByPSI1MCI+PC9jaXJjbGU+PC9zdmc+') !important;-webkit-mask-image:url('data:image\/svg+xml;base64,PHN2ZyB4bWxucz0iaHR0cDovL3d3dy53My5vcmcvMjAwMC9zdmciIHZpZXdCb3g9IjAgMCAxMDAgMTAwIiBwcmVzZXJ2ZUFzcGVjdFJhdGlvPSJub25lIj48Y2lyY2xlIGN4PSI1MCIgY3k9IjUwIiByPSI1MCI+PC9jaXJjbGU+PC9zdmc+') !important}<\/style><figure class=\"stk-img-wrapper stk-img--shape stk-image--shape-stretch\"><img loading=\"lazy\" decoding=\"async\" class=\"stk-img wp-image-189\" src=\"https:\/\/projekttrivsel.dk\/wp-content\/uploads\/2021\/11\/OleDalsgaard-300x421-1.jpeg\" width=\"300\" height=\"421\" srcset=\"https:\/\/projekttrivsel.dk\/wp-content\/uploads\/2021\/11\/OleDalsgaard-300x421-1.jpeg 300w, https:\/\/projekttrivsel.dk\/wp-content\/uploads\/2021\/11\/OleDalsgaard-300x421-1-214x300.jpeg 214w\" sizes=\"auto, (max-width: 300px) 100vw, 300px\" \/><\/figure><\/div>\n\n\n\n<div class=\"wp-block-stackable-heading stk-block-heading stk-block stk-0e41fb5\" data-block-id=\"0e41fb5\"><style>.stk-0e41fb5 .stk-block-heading__text{margin:0 !important}<\/style><h3 class=\"stk-block-heading__text\">Ole Dalsgaard<\/h3><\/div>\n\n\n\n<div class=\"wp-block-stackable-subtitle stk-block-subtitle stk-block stk-b2b1fe2\" data-block-id=\"b2b1fe2\"><p class=\"stk-block-subtitle__text stk-subtitle\">Projektleder og Uddannelsesleder p\u00e5 <meta charset=\"utf-8\">Det Bl\u00e5 Gymnasium T\u00f8nder<\/p><\/div>\n\n\n\n<div class=\"wp-block-stackable-text stk-block-text stk-block stk-34ed0e4\" data-block-id=\"34ed0e4\"><p class=\"stk-block-text__text\">Kontakt: od@toha.dk<\/p><\/div>\n<\/div><\/div><\/div>\n<\/div>\n\n\n\n<div class=\"wp-block-column is-layout-flow wp-block-column-is-layout-flow\">\n<div class=\"wp-block-stackable-team-member is-style-default stk-block-team-member stk-block stk-e4f63ae\" data-block-id=\"e4f63ae\"><div class=\"stk-block-team-member__content stk-content-align stk-e4f63ae-column stk-container stk-e4f63ae-container stk-hover-parent\"><div class=\"stk-block-content stk-inner-blocks has-text-align-center\">\n<div class=\"wp-block-stackable-image stk-block-image has-text-align-center stk-block stk-e1f0bed\" data-block-id=\"e1f0bed\"><style>.stk-e1f0bed .stk-img-wrapper{width:150px !important;height:150px !important}.stk-e1f0bed .stk-img-wrapper img{mask-image:url('data:image\/svg+xml;base64,PHN2ZyB4bWxucz0iaHR0cDovL3d3dy53My5vcmcvMjAwMC9zdmciIHZpZXdCb3g9IjAgMCAxMDAgMTAwIiBwcmVzZXJ2ZUFzcGVjdFJhdGlvPSJub25lIj48Y2lyY2xlIGN4PSI1MCIgY3k9IjUwIiByPSI1MCI+PC9jaXJjbGU+PC9zdmc+') !important;-webkit-mask-image:url('data:image\/svg+xml;base64,PHN2ZyB4bWxucz0iaHR0cDovL3d3dy53My5vcmcvMjAwMC9zdmciIHZpZXdCb3g9IjAgMCAxMDAgMTAwIiBwcmVzZXJ2ZUFzcGVjdFJhdGlvPSJub25lIj48Y2lyY2xlIGN4PSI1MCIgY3k9IjUwIiByPSI1MCI+PC9jaXJjbGU+PC9zdmc+') !important}<\/style><figure class=\"stk-img-wrapper stk-img--shape stk-image--shape-stretch\"><img loading=\"lazy\" decoding=\"async\" class=\"stk-img wp-image-38\" src=\"https:\/\/projekttrivsel.dk\/wp-content\/uploads\/2021\/11\/Morten-Westergaard-profil-hjemmesiden-e1528286176531-300x421-1.jpeg\" width=\"300\" height=\"421\" srcset=\"https:\/\/projekttrivsel.dk\/wp-content\/uploads\/2021\/11\/Morten-Westergaard-profil-hjemmesiden-e1528286176531-300x421-1.jpeg 300w, https:\/\/projekttrivsel.dk\/wp-content\/uploads\/2021\/11\/Morten-Westergaard-profil-hjemmesiden-e1528286176531-300x421-1-214x300.jpeg 214w\" sizes=\"auto, (max-width: 300px) 100vw, 300px\" \/><\/figure><\/div>\n\n\n\n<div class=\"wp-block-stackable-heading stk-block-heading stk-block stk-1218a4f\" data-block-id=\"1218a4f\"><style>.stk-1218a4f .stk-block-heading__text{margin:0 !important}<\/style><h3 class=\"stk-block-heading__text\">Morten Westergaard<\/h3><\/div>\n\n\n\n<div class=\"wp-block-stackable-subtitle stk-block-subtitle stk-block stk-8cf5d17\" data-block-id=\"8cf5d17\"><p class=\"stk-block-subtitle__text stk-subtitle\">Projektkoordinator og underviser p\u00e5 <br>Det Bl\u00e5 Gymnasium T\u00f8nder<\/p><\/div>\n\n\n\n<div class=\"wp-block-stackable-text stk-block-text stk-block stk-c096d50\" data-block-id=\"c096d50\"><p class=\"stk-block-text__text\">Kontakt: mow@toha.dk<\/p><\/div>\n<\/div><\/div><\/div>\n<\/div>\n\n\n\n<div class=\"wp-block-column is-layout-flow wp-block-column-is-layout-flow\">\n<div class=\"wp-block-stackable-team-member is-style-default stk-block-team-member stk-block stk-8a41262\" data-block-id=\"8a41262\"><div class=\"stk-block-team-member__content stk-content-align stk-8a41262-column stk-container stk-8a41262-container stk-hover-parent\"><div class=\"stk-block-content stk-inner-blocks has-text-align-center\">\n<div class=\"wp-block-stackable-image stk-block-image has-text-align-center stk-block stk-67d6afe\" data-block-id=\"67d6afe\"><style>.stk-67d6afe .stk-img-wrapper{width:150px !important;height:150px !important}.stk-67d6afe .stk-img-wrapper img{mask-image:url('data:image\/svg+xml;base64,PHN2ZyB4bWxucz0iaHR0cDovL3d3dy53My5vcmcvMjAwMC9zdmciIHZpZXdCb3g9IjAgMCAxMDAgMTAwIiBwcmVzZXJ2ZUFzcGVjdFJhdGlvPSJub25lIj48Y2lyY2xlIGN4PSI1MCIgY3k9IjUwIiByPSI1MCI+PC9jaXJjbGU+PC9zdmc+') !important;-webkit-mask-image:url('data:image\/svg+xml;base64,PHN2ZyB4bWxucz0iaHR0cDovL3d3dy53My5vcmcvMjAwMC9zdmciIHZpZXdCb3g9IjAgMCAxMDAgMTAwIiBwcmVzZXJ2ZUFzcGVjdFJhdGlvPSJub25lIj48Y2lyY2xlIGN4PSI1MCIgY3k9IjUwIiByPSI1MCI+PC9jaXJjbGU+PC9zdmc+') !important}<\/style><\/div>\n\n\n\n<div class=\"wp-block-stackable-heading stk-block-heading stk-block stk-033d410\" data-block-id=\"033d410\"><style>.stk-033d410 .stk-block-heading__text{margin:0 !important}<\/style><h3 class=\"stk-block-heading__text\">Elisabeth Holm<\/h3><\/div>\n\n\n\n<p>Lokal projektkoordinator og rektor p\u00e5 EUC Syd, T\u00f8nder<\/p>\n\n\n\n<div class=\"wp-block-stackable-text stk-block-text stk-block stk-4e21d00\" data-block-id=\"4e21d00\"><p class=\"stk-block-text__text\"><\/p><\/div>\n<\/div><\/div><\/div>\n<\/div>\n<\/div>\n<\/div>\n<\/div>\n\n\n\n<div class=\"wp-block-stackable-columns stk-block-columns stk-block stk-0a4d0e9\" data-block-id=\"0a4d0e9\"><div class=\"stk-row stk-inner-blocks stk-block-content stk-content-align stk-0a4d0e9-column\">\n<div class=\"wp-block-stackable-column stk-block-column stk-column stk-block stk-50bef0f\" data-block-id=\"50bef0f\"><div class=\"stk-column-wrapper stk-block-column__content stk-container stk-50bef0f-container stk--no-background stk--no-padding\"><div class=\"stk-block-content stk-inner-blocks\">\n<div class=\"wp-block-stackable-team-member is-style-default stk-block-team-member stk-block stk-0fba70a\" data-block-id=\"0fba70a\"><div class=\"stk-block-team-member__content stk-content-align stk-0fba70a-column stk-container stk-0fba70a-container stk-hover-parent\"><div class=\"stk-block-content stk-inner-blocks has-text-align-center\">\n<div class=\"wp-block-stackable-image stk-block-image has-text-align-center stk-block stk-78285d2\" data-block-id=\"78285d2\"><style>.stk-78285d2 .stk-img-wrapper{width:150px !important;height:150px !important}.stk-78285d2 .stk-img-wrapper img{mask-image:url('data:image\/svg+xml;base64,PHN2ZyB4bWxucz0iaHR0cDovL3d3dy53My5vcmcvMjAwMC9zdmciIHZpZXdCb3g9IjAgMCAxMDAgMTAwIiBwcmVzZXJ2ZUFzcGVjdFJhdGlvPSJub25lIj48Y2lyY2xlIGN4PSI1MCIgY3k9IjUwIiByPSI1MCI+PC9jaXJjbGU+PC9zdmc+') !important;-webkit-mask-image:url('data:image\/svg+xml;base64,PHN2ZyB4bWxucz0iaHR0cDovL3d3dy53My5vcmcvMjAwMC9zdmciIHZpZXdCb3g9IjAgMCAxMDAgMTAwIiBwcmVzZXJ2ZUFzcGVjdFJhdGlvPSJub25lIj48Y2lyY2xlIGN4PSI1MCIgY3k9IjUwIiByPSI1MCI+PC9jaXJjbGU+PC9zdmc+') !important}<\/style><figure class=\"stk-img-wrapper stk-img--shape stk-image--shape-stretch\"><img loading=\"lazy\" decoding=\"async\" class=\"stk-img wp-image-195\" src=\"https:\/\/projekttrivsel.dk\/wp-content\/uploads\/2021\/11\/download.jpeg\" width=\"201\" height=\"251\"\/><\/figure><\/div>\n\n\n\n<div class=\"wp-block-stackable-heading stk-block-heading stk-block stk-d71661c\" data-block-id=\"d71661c\"><style>.stk-d71661c .stk-block-heading__text{margin:0 !important}<\/style><h3 class=\"stk-block-heading__text\">Carsten Hogrefe<\/h3><\/div>\n\n\n\n<p>Lokal projektkoordinator og rektor p\u00e5 Det Bl\u00e5 Gymnasium i Vestfyn<\/p>\n\n\n\n<div class=\"wp-block-stackable-text stk-block-text stk-block stk-a051fde\" data-block-id=\"a051fde\"><p class=\"stk-block-text__text\"><\/p><\/div>\n<\/div><\/div><\/div>\n<\/div><\/div><\/div>\n\n\n\n<div class=\"wp-block-stackable-column stk-block-column stk-column stk-block stk-807d287\" data-block-id=\"807d287\"><div class=\"stk-column-wrapper stk-block-column__content stk-container stk-807d287-container stk--no-background stk--no-padding\"><div class=\"stk-block-content stk-inner-blocks\">\n<div class=\"wp-block-stackable-team-member is-style-default stk-block-team-member stk-block stk-a5283c4\" data-block-id=\"a5283c4\"><div class=\"stk-block-team-member__content stk-content-align stk-a5283c4-column stk-container stk-a5283c4-container stk-hover-parent\"><div class=\"stk-block-content stk-inner-blocks has-text-align-center\">\n<div class=\"wp-block-stackable-image stk-block-image stk-block stk-a803c42\" data-block-id=\"a803c42\"><style>.stk-a803c42 .stk-img-wrapper{width:150px !important;height:150px !important}.stk-a803c42 .stk-img-wrapper img{mask-image:url('data:image\/svg+xml;base64,PHN2ZyB4bWxucz0iaHR0cDovL3d3dy53My5vcmcvMjAwMC9zdmciIHZpZXdCb3g9IjAgMCAxMDAgMTAwIiBwcmVzZXJ2ZUFzcGVjdFJhdGlvPSJub25lIj48Y2lyY2xlIGN4PSI1MCIgY3k9IjUwIiByPSI1MCI+PC9jaXJjbGU+PC9zdmc+') !important;-webkit-mask-image:url('data:image\/svg+xml;base64,PHN2ZyB4bWxucz0iaHR0cDovL3d3dy53My5vcmcvMjAwMC9zdmciIHZpZXdCb3g9IjAgMCAxMDAgMTAwIiBwcmVzZXJ2ZUFzcGVjdFJhdGlvPSJub25lIj48Y2lyY2xlIGN4PSI1MCIgY3k9IjUwIiByPSI1MCI+PC9jaXJjbGU+PC9zdmc+') !important}<\/style><figure class=\"stk-img-wrapper stk-img--shape stk-image--shape-stretch\"><img loading=\"lazy\" decoding=\"async\" class=\"stk-img wp-image-196\" src=\"https:\/\/projekttrivsel.dk\/wp-content\/uploads\/2021\/11\/1516922601695.jpeg\" width=\"160\" height=\"160\" srcset=\"https:\/\/projekttrivsel.dk\/wp-content\/uploads\/2021\/11\/1516922601695.jpeg 160w, https:\/\/projekttrivsel.dk\/wp-content\/uploads\/2021\/11\/1516922601695-150x150.jpeg 150w\" sizes=\"auto, (max-width: 160px) 100vw, 160px\" \/><\/figure><\/div>\n\n\n\n<div class=\"wp-block-stackable-heading stk-block-heading stk-block stk-4a16eba\" data-block-id=\"4a16eba\"><style>.stk-4a16eba .stk-block-heading__text{margin:0 !important}<\/style><h3 class=\"stk-block-heading__text\">Lone Holm<\/h3><\/div>\n\n\n\n<div class=\"wp-block-stackable-text stk-block-text stk-block stk-6b0d295\" data-block-id=\"6b0d295\"><p class=\"stk-block-text__text\"><meta charset=\"utf-8\">Lokal projektkoordinator og uddannelsesleder p\u00e5 Det Bl\u00e5 Gymnasium i Vestfyn<\/p><\/div>\n<\/div><\/div><\/div>\n<\/div><\/div><\/div>\n\n\n\n<div class=\"wp-block-stackable-column stk-block-column stk-column stk-block stk-bed4536\" data-block-id=\"bed4536\"><div class=\"stk-column-wrapper stk-block-column__content stk-container stk-bed4536-container stk--no-background stk--no-padding\"><div class=\"stk-block-content stk-inner-blocks\">\n<div class=\"wp-block-stackable-team-member is-style-default stk-block-team-member stk-block stk-3813d05\" data-block-id=\"3813d05\"><style>.stk-3813d05{margin-bottom:0px !important}.stk-3813d05 .stk-block-team-member__content{min-height:0px !important;padding-top:25px !important;padding-right:25px !important;padding-bottom:25px !important;padding-left:25px !important}<\/style><div class=\"stk-block-team-member__content stk-content-align stk-3813d05-column stk-container stk-3813d05-container stk-hover-parent\"><div class=\"stk-block-content stk-inner-blocks has-text-align-center\">\n<div class=\"wp-block-stackable-image stk-block-image has-text-align-center stk-block stk-f0d6806\" data-block-id=\"f0d6806\"><style>.stk-f0d6806 .stk-img-wrapper{width:150px !important;height:150px !important}.stk-f0d6806 .stk-img-wrapper img{mask-image:url('data:image\/svg+xml;base64,PHN2ZyB4bWxucz0iaHR0cDovL3d3dy53My5vcmcvMjAwMC9zdmciIHZpZXdCb3g9IjAgMCAxMDAgMTAwIiBwcmVzZXJ2ZUFzcGVjdFJhdGlvPSJub25lIj48Y2lyY2xlIGN4PSI1MCIgY3k9IjUwIiByPSI1MCI+PC9jaXJjbGU+PC9zdmc+') !important;-webkit-mask-image:url('data:image\/svg+xml;base64,PHN2ZyB4bWxucz0iaHR0cDovL3d3dy53My5vcmcvMjAwMC9zdmciIHZpZXdCb3g9IjAgMCAxMDAgMTAwIiBwcmVzZXJ2ZUFzcGVjdFJhdGlvPSJub25lIj48Y2lyY2xlIGN4PSI1MCIgY3k9IjUwIiByPSI1MCI+PC9jaXJjbGU+PC9zdmc+') !important}<\/style><figure class=\"stk-img-wrapper stk-img--shape stk-image--shape-stretch\"><img loading=\"lazy\" decoding=\"async\" class=\"stk-img wp-image-193\" src=\"https:\/\/projekttrivsel.dk\/wp-content\/uploads\/2021\/11\/csm_DMS_edfc364338-e1637871154816.jpeg\" width=\"186\" height=\"199\"\/><\/figure><\/div>\n\n\n\n<div class=\"wp-block-stackable-heading stk-block-heading stk-block stk-a669607\" data-block-id=\"a669607\"><style>.stk-a669607 .stk-block-heading__text{margin:0 !important}<\/style><h3 class=\"stk-block-heading__text\">Dorthe Milling Stjernholm<\/h3><\/div>\n\n\n\n<div class=\"wp-block-stackable-subtitle stk-block-subtitle stk-block stk-ed18e48\" data-block-id=\"ed18e48\"><p class=\"stk-block-subtitle__text stk-subtitle\">Lokal projektkoordinator og afdelingschef p\u00e5 Det Bl\u00e5 Gymnasium i S\u00f8nderborg<\/p><\/div>\n\n\n\n<p><\/p>\n<\/div><\/div><\/div>\n<\/div><\/div><\/div>\n<\/div><\/div>\n\n\n\n<div class=\"wp-block-stackable-columns stk-block-columns stk-block stk-fd1e028\" data-block-id=\"fd1e028\"><style>.stk-fd1e028{margin-bottom:0px !important}<\/style><div class=\"stk-row stk-inner-blocks stk-block-content stk-content-align stk-fd1e028-column\">\n<div class=\"wp-block-stackable-column stk-block-column stk-column stk-block stk-726f313\" data-block-id=\"726f313\"><style>.stk-726f313 .stk-block-column__content{min-height:246px !important;max-width:1500px !important;min-width:auto !important}<\/style><div class=\"stk-column-wrapper stk-block-column__content stk-container stk-726f313-container stk--no-background stk--no-padding\"><div class=\"stk-block-content stk-inner-blocks\"><\/div><\/div><\/div>\n<\/div><\/div>\n","protected":false},"excerpt":{"rendered":"<p>Ole Dalsgaard Projektleder og Uddannelsesleder p\u00e5 Det Bl\u00e5 Gymnasium T\u00f8nder Kontakt: od@toha.dk Morten Westergaard Projektkoordinator og underviser p\u00e5 Det Bl\u00e5 Gymnasium T\u00f8nder Kontakt: mow@toha.dk Elisabeth Holm Lokal projektkoordinator og rektor p\u00e5 EUC Syd, T\u00f8nder Carsten Hogrefe Lokal projektkoordinator og rektor p\u00e5 Det Bl\u00e5 Gymnasium i Vestfyn Lone Holm Lokal projektkoordinator og uddannelsesleder p\u00e5 Det Bl\u00e5 [&hellip;]<\/p>\n","protected":false},"author":1,"featured_media":0,"parent":20,"menu_order":0,"comment_status":"closed","ping_status":"closed","template":"","meta":{"qubely_global_settings":"","qubely_interactions":"","_coblocks_attr":"","_coblocks_dimensions":"","_coblocks_responsive_height":"","_coblocks_accordion_ie_support":"","footnotes":""},"class_list":["post-35","page","type-page","status-publish","hentry"],"featured_image_src":null,"featured_image_src_square":null,"_links":{"self":[{"href":"https:\/\/projekttrivsel.dk\/index.php?rest_route=\/wp\/v2\/pages\/35","targetHints":{"allow":["GET"]}}],"collection":[{"href":"https:\/\/projekttrivsel.dk\/index.php?rest_route=\/wp\/v2\/pages"}],"about":[{"href":"https:\/\/projekttrivsel.dk\/index.php?rest_route=\/wp\/v2\/types\/page"}],"author":[{"embeddable":true,"href":"https:\/\/projekttrivsel.dk\/index.php?rest_route=\/wp\/v2\/users\/1"}],"replies":[{"embeddable":true,"href":"https:\/\/projekttrivsel.dk\/index.php?rest_route=%2Fwp%2Fv2%2Fcomments&post=35"}],"version-history":[{"count":18,"href":"https:\/\/projekttrivsel.dk\/index.php?rest_route=\/wp\/v2\/pages\/35\/revisions"}],"predecessor-version":[{"id":221,"href":"https:\/\/projekttrivsel.dk\/index.php?rest_route=\/wp\/v2\/pages\/35\/revisions\/221"}],"up":[{"embeddable":true,"href":"https:\/\/projekttrivsel.dk\/index.php?rest_route=\/wp\/v2\/pages\/20"}],"wp:attachment":[{"href":"https:\/\/projekttrivsel.dk\/index.php?rest_route=%2Fwp%2Fv2%2Fmedia&parent=35"}],"curies":[{"name":"wp","href":"https:\/\/api.w.org\/{rel}","templated":true}]}}